{"id":98,"date":"2020-03-14T15:18:58","date_gmt":"2020-03-14T15:18:58","guid":{"rendered":"https:\/\/www.reposalmenvenekerho.fi\/?page_id=98"},"modified":"2020-03-14T15:28:10","modified_gmt":"2020-03-14T15:28:10","slug":"tarkeita-paivamaaria","status":"publish","type":"page","link":"https:\/\/www.reposalmenvenekerho.fi\/?page_id=98","title":{"rendered":"T\u00e4rkeit\u00e4 p\u00e4iv\u00e4m\u00e4\u00e4ri\u00e4"},"content":{"rendered":"\n<div class=\"wp-container-2 wp-block-group\"><div class=\"wp-block-group__inner-container\">\n<div class=\"wp-container-1 wp-block-group\"><div class=\"wp-block-group__inner-container\">\n<table id=\"tablepress-1\" class=\"tablepress tablepress-id-1\">\n<thead>\n<tr class=\"row-1 odd\">\n\t<th class=\"column-1\">&nbsp;<\/th><th class=\"column-2\">P\u00e4iv\u00e4m\u00e4\u00e4r\u00e4<\/th><th class=\"column-3\">&nbsp;<\/th><th class=\"column-4\">Klo<\/th><th class=\"column-5\">&nbsp;<\/th><th class=\"column-6\">Tapahtuma<\/th>\n<\/tr>\n<\/thead>\n<tbody class=\"row-hover\">\n<tr class=\"row-2 even\">\n\t<td class=\"column-1\"><\/td><td class=\"column-2\">13.4.2026<\/td><td class=\"column-3\"><\/td><td class=\"column-4\">klo 18.00<\/td><td class=\"column-5\"><\/td><td class=\"column-6\">Vuosikokous<\/td>\n<\/tr>\n<tr class=\"row-3 odd\">\n\t<td class=\"column-1\"><\/td><td class=\"column-2\">29.4.2026<\/td><td class=\"column-3\"><\/td><td class=\"column-4\">klo 17 -><\/td><td class=\"column-5\"><\/td><td class=\"column-6\">Veneiden vesillelasku<\/td>\n<\/tr>\n<tr class=\"row-4 even\">\n\t<td class=\"column-1\"><\/td><td class=\"column-2\">28.4.2026<\/td><td class=\"column-3\"><\/td><td class=\"column-4\">klo 17-><\/td><td class=\"column-5\"><\/td><td class=\"column-6\">Sammutintarkastus<\/td>\n<\/tr>\n<tr class=\"row-5 odd\">\n\t<td class=\"column-1\"><\/td><td class=\"column-2\">7.5.2026<br \/>\n21.5.2026<br \/>\n4.6.2026<br \/>\n18.6.2026<\/td><td class=\"column-3\"><\/td><td class=\"column-4\">Klo 17.00-20<\/td><td class=\"column-5\"><\/td><td class=\"column-6\">Veneiden katsastukset<\/td>\n<\/tr>\n<tr class=\"row-6 even\">\n\t<td class=\"column-1\"><\/td><td class=\"column-2\">4.6.2026<\/td><td class=\"column-3\"><\/td><td class=\"column-4\">klo 16-<\/td><td class=\"column-5\"><\/td><td class=\"column-6\">Pukkitalkoot ja kes\u00e4kauden avajaiset<\/td>\n<\/tr>\n<tr class=\"row-7 odd\">\n\t<td class=\"column-1\"><\/td><td class=\"column-2\">x.x.2026<\/td><td class=\"column-3\"><\/td><td class=\"column-4\">klo 9-><\/td><td class=\"column-5\"><\/td><td class=\"column-6\">Yhteisnosto<\/td>\n<\/tr>\n<\/tbody>\n<\/table>\n<!-- #tablepress-1 from cache -->\n<\/div><\/div>\n<\/div><\/div>\n\n\n\n<p><\/p>\n","protected":false},"excerpt":{"rendered":"","protected":false},"author":1,"featured_media":0,"parent":0,"menu_order":0,"comment_status":"closed","ping_status":"closed","template":"","meta":{"ngg_post_thumbnail":0},"_links":{"self":[{"href":"https:\/\/www.reposalmenvenekerho.fi\/index.php?rest_route=\/wp\/v2\/pages\/98"}],"collection":[{"href":"https:\/\/www.reposalmenvenekerho.fi\/index.php?rest_route=\/wp\/v2\/pages"}],"about":[{"href":"https:\/\/www.reposalmenvenekerho.fi\/index.php?rest_route=\/wp\/v2\/types\/page"}],"author":[{"embeddable":true,"href":"https:\/\/www.reposalmenvenekerho.fi\/index.php?rest_route=\/wp\/v2\/users\/1"}],"replies":[{"embeddable":true,"href":"https:\/\/www.reposalmenvenekerho.fi\/index.php?rest_route=%2Fwp%2Fv2%2Fcomments&post=98"}],"version-history":[{"count":8,"href":"https:\/\/www.reposalmenvenekerho.fi\/index.php?rest_route=\/wp\/v2\/pages\/98\/revisions"}],"predecessor-version":[{"id":270,"href":"https:\/\/www.reposalmenvenekerho.fi\/index.php?rest_route=\/wp\/v2\/pages\/98\/revisions\/270"}],"wp:attachment":[{"href":"https:\/\/www.reposalmenvenekerho.fi\/index.php?rest_route=%2Fwp%2Fv2%2Fmedia&parent=98"}],"curies":[{"name":"wp","href":"https:\/\/api.w.org\/{rel}","templated":true}]}}