{"id":52,"date":"2026-03-08T15:54:25","date_gmt":"2026-03-08T13:54:25","guid":{"rendered":"http:\/\/localhost\/?page_id=52"},"modified":"2026-04-13T19:14:39","modified_gmt":"2026-04-13T16:14:39","slug":"yhteys","status":"publish","type":"page","link":"https:\/\/www.reposalmenvenekerho.fi\/?page_id=52","title":{"rendered":"Yhteystiedot"},"content":{"rendered":"\r\n<p><strong>Yhteystiedot<\/strong><br>Reposalmen Venekerho Ry<br>Ilom\u00e4enpolku 6<br>00840 Helsinki<\/p>\r\n<p><strong>Kerhon tilinumero<br><\/strong>OP&nbsp; FI35 5541 2820 0028 72<\/p>\r\n<p><strong>Laskutusosoite:<br><\/strong>OVT-tunnus 003717679048 <br>Operaattoritunnus OKOYFIHH<br>V\u00e4litt\u00e4j\u00e4 OP Osuuskunta<\/p>\r\n<p><strong>Laskun voi l\u00e4hett\u00e4\u00e4 my\u00f6s s\u00e4hk\u00f6postiin<br><\/strong><a href=\"mailto:talous@reposalmenvenekerho.fi\">talous@reposalmenvenekerho.fi<\/a><\/p>\r\n<p><strong>Hallitus<\/strong><\/p>\r\n\r\n\r\n\r\n<p><strong>Puheenjohtaja<\/strong><br>Markku Oksa<br><a href=\"mailto:hallitus@reposalmenvenekerho.fi\">hallitus@reposalmenvenekerho.fi<\/a><\/p>\r\n\r\n\r\n\r\n<p><strong>Varapuheenjohtaja<\/strong><br><br><\/p>\r\n\r\n\r\n\r\n<p><strong>Satamakapteeni<br><\/strong>Pekka Kilo<br>050-599 7606<\/p>\r\n\r\n\r\n\r\n<p><strong>Sihteeri<\/strong><br>Joel Vuoristo<br><br><\/p>\r\n\r\n\r\n\r\n\r\n\r\n\r\n\r\n<p><strong>Katsastajat<\/strong><br>Pekka Kilo<br>050-599 7606<br><br>Jarmo Kalliom\u00e4ki<\/p>\r\n<p><strong>J\u00e4sen, Ymp\u00e4rist\u00f6asiat<\/strong><br>Mark Cederberg<\/p>\r\n<p><strong>Taloudenhoitaja (kirjanpito)<\/strong><br>Nina St\u00e5hlberg<br>0400-719 714<\/p>\r\n<p><a href=\"mailto:talous@reposalmenvenekerho.fi\">talous@reposalmenvenekerho.fi<\/a><\/p>\r\n<p>&nbsp;<\/p>\r\n","protected":false},"excerpt":{"rendered":"<p>YhteystiedotReposalmen Venekerho RyIlom\u00e4enpolku 600840 Helsinki Kerhon tilinumeroOP&nbsp; FI35 5541 2820 0028 72 Laskutusosoite:OVT-tunnus 003717679048 Operaattoritunnus OKOYFIHHV\u00e4litt\u00e4j\u00e4 OP Osuuskunta Laskun voi l\u00e4hett\u00e4\u00e4 my\u00f6s s\u00e4hk\u00f6postiintalous@reposalmenvenekerho.fi Hallitus PuheenjohtajaMarkku Oksahallitus@reposalmenvenekerho.fi Varapuheenjohtaja SatamakapteeniPekka Kilo050-599 7606 SihteeriJoel Vuoristo KatsastajatPekka Kilo050-599 7606 Jarmo Kalliom\u00e4ki J\u00e4sen, Ymp\u00e4rist\u00f6asiatMark Cederberg Taloudenhoitaja (kirjanpito)Nina St\u00e5hlberg0400-719 714 talous@reposalmenvenekerho.fi &nbsp;<\/p>\n","protected":false},"author":1,"featured_media":0,"parent":0,"menu_order":0,"comment_status":"closed","ping_status":"closed","template":"","meta":{"ngg_post_thumbnail":0},"_links":{"self":[{"href":"https:\/\/www.reposalmenvenekerho.fi\/index.php?rest_route=\/wp\/v2\/pages\/52"}],"collection":[{"href":"https:\/\/www.reposalmenvenekerho.fi\/index.php?rest_route=\/wp\/v2\/pages"}],"about":[{"href":"https:\/\/www.reposalmenvenekerho.fi\/index.php?rest_route=\/wp\/v2\/types\/page"}],"author":[{"embeddable":true,"href":"https:\/\/www.reposalmenvenekerho.fi\/index.php?rest_route=\/wp\/v2\/users\/1"}],"replies":[{"embeddable":true,"href":"https:\/\/www.reposalmenvenekerho.fi\/index.php?rest_route=%2Fwp%2Fv2%2Fcomments&post=52"}],"version-history":[{"count":16,"href":"https:\/\/www.reposalmenvenekerho.fi\/index.php?rest_route=\/wp\/v2\/pages\/52\/revisions"}],"predecessor-version":[{"id":278,"href":"https:\/\/www.reposalmenvenekerho.fi\/index.php?rest_route=\/wp\/v2\/pages\/52\/revisions\/278"}],"wp:attachment":[{"href":"https:\/\/www.reposalmenvenekerho.fi\/index.php?rest_route=%2Fwp%2Fv2%2Fmedia&parent=52"}],"curies":[{"name":"wp","href":"https:\/\/api.w.org\/{rel}","templated":true}]}}